{"id":228,"date":"2022-10-23T01:01:33","date_gmt":"2022-10-22T23:01:33","guid":{"rendered":"http:\/\/vttsaulx.fr\/?page_id=228"},"modified":"2022-12-10T15:23:22","modified_gmt":"2022-12-10T14:23:22","slug":"contacts","status":"publish","type":"page","link":"https:\/\/vttsaulx.fr\/index.php\/contacts\/","title":{"rendered":"Contacts"},"content":{"rendered":"\n<p>Pr\u00e9sident : M. Fr\u00e9d\u00e9rick GAULTIER<\/p>\n\n\n\n<p>Joindre : 06 70 03 42 40<\/p>\n","protected":false},"excerpt":{"rendered":"<p>Pr\u00e9sident : M. Fr\u00e9d\u00e9rick GAULTIER Joindre : 06 70 03 42 40<\/p>\n","protected":false},"author":1,"featured_media":0,"parent":0,"menu_order":0,"comment_status":"closed","ping_status":"closed","template":"","meta":{"footnotes":""},"class_list":["post-228","page","type-page","status-publish","hentry","missing-thumbnail"],"_links":{"self":[{"href":"https:\/\/vttsaulx.fr\/index.php\/wp-json\/wp\/v2\/pages\/228","targetHints":{"allow":["GET"]}}],"collection":[{"href":"https:\/\/vttsaulx.fr\/index.php\/wp-json\/wp\/v2\/pages"}],"about":[{"href":"https:\/\/vttsaulx.fr\/index.php\/wp-json\/wp\/v2\/types\/page"}],"author":[{"embeddable":true,"href":"https:\/\/vttsaulx.fr\/index.php\/wp-json\/wp\/v2\/users\/1"}],"replies":[{"embeddable":true,"href":"https:\/\/vttsaulx.fr\/index.php\/wp-json\/wp\/v2\/comments?post=228"}],"version-history":[{"count":3,"href":"https:\/\/vttsaulx.fr\/index.php\/wp-json\/wp\/v2\/pages\/228\/revisions"}],"predecessor-version":[{"id":537,"href":"https:\/\/vttsaulx.fr\/index.php\/wp-json\/wp\/v2\/pages\/228\/revisions\/537"}],"wp:attachment":[{"href":"https:\/\/vttsaulx.fr\/index.php\/wp-json\/wp\/v2\/media?parent=228"}],"curies":[{"name":"wp","href":"https:\/\/api.w.org\/{rel}","templated":true}]}}