{"id":314,"date":"2022-10-23T23:38:58","date_gmt":"2022-10-23T21:38:58","guid":{"rendered":"http:\/\/vttsaulx.fr\/?page_id=314"},"modified":"2023-06-18T18:31:38","modified_gmt":"2023-06-18T16:31:38","slug":"performances-defis-et-vtt","status":"publish","type":"page","link":"https:\/\/vttsaulx.fr\/index.php\/performances-defis-et-vtt\/","title":{"rendered":"Les d\u00e9fis VTT"},"content":{"rendered":"\n<hr class=\"wp-block-separator has-alpha-channel-opacity\"\/>\n\n\n\n<blockquote class=\"wp-block-quote is-layout-flow wp-block-quote-is-layout-flow\">\n<p>Le Roc d&rsquo;Ardenne<\/p>\n\n\n\n<figure class=\"wp-block-image size-full\"><img loading=\"lazy\" decoding=\"async\" width=\"322\" height=\"220\" src=\"https:\/\/vttsaulx.fr\/wp-content\/uploads\/2023\/06\/image-5.png\" alt=\"\" class=\"wp-image-652\" srcset=\"https:\/\/vttsaulx.fr\/wp-content\/uploads\/2023\/06\/image-5.png 322w, https:\/\/vttsaulx.fr\/wp-content\/uploads\/2023\/06\/image-5-300x205.png 300w\" sizes=\"auto, (max-width: 322px) 100vw, 322px\" \/><\/figure>\n<cite>A Houffalize en Belgique, d\u00e9fi r\u00e9alis\u00e9 en 2023.<br>7 bikers finishers sur le parcours UCI 113km et 3000D+.<\/cite><\/blockquote>\n\n\n\n<hr class=\"wp-block-separator has-alpha-channel-opacity\"\/>\n\n\n\n<blockquote class=\"wp-block-quote is-layout-flow wp-block-quote-is-layout-flow\">\n<p>MB RAce<\/p>\n<cite>Depuis 2017, le VCS, VTT Club de Saulx les Chartreux s&rsquo;illustre aux pieds du Mont-Blanc sur la course 70km, 100km, un finisher sur la course UCI : 140 !!!!<\/cite><\/blockquote>\n\n\n\n<figure class=\"wp-block-image size-full\"><img loading=\"lazy\" decoding=\"async\" width=\"552\" height=\"410\" src=\"https:\/\/vttsaulx.fr\/wp-content\/uploads\/2022\/10\/image-4-1.png\" alt=\"\" class=\"wp-image-316\" srcset=\"https:\/\/vttsaulx.fr\/wp-content\/uploads\/2022\/10\/image-4-1.png 552w, https:\/\/vttsaulx.fr\/wp-content\/uploads\/2022\/10\/image-4-1-300x223.png 300w, https:\/\/vttsaulx.fr\/wp-content\/uploads\/2022\/10\/image-4-1-400x297.png 400w\" sizes=\"auto, (max-width: 552px) 100vw, 552px\" \/><\/figure>\n\n\n\n<div class=\"wp-block-buttons is-content-justification-center is-layout-flex wp-container-core-buttons-is-layout-16018d1d wp-block-buttons-is-layout-flex\" id=\"finisher-140\">\n<div class=\"wp-block-button\"><a class=\"wp-block-button__link wp-element-button\" href=\"https:\/\/vttsaulx.fr\/index.php\/2022\/10\/25\/finisher-140\/\" target=\"_blank\" rel=\"finisher-140 noopener\"><strong>Lire le compte rendu du FINISHER 140km, Mika P<\/strong><\/a><\/div>\n<\/div>\n\n\n\n<hr class=\"wp-block-separator has-alpha-channel-opacity\"\/>\n\n\n\n<blockquote class=\"wp-block-quote is-layout-flow wp-block-quote-is-layout-flow\">\n<p>HERO<\/p>\n<cite>En Italie, la course UCI VTT dans les Dolomites<\/cite><\/blockquote>\n\n\n\n<figure class=\"wp-block-gallery has-nested-images columns-default is-cropped wp-block-gallery-1 is-layout-flex wp-block-gallery-is-layout-flex\">\n<figure class=\"wp-block-image size-large\"><img loading=\"lazy\" decoding=\"async\" width=\"807\" height=\"467\" data-id=\"315\" src=\"https:\/\/vttsaulx.fr\/wp-content\/uploads\/2022\/10\/image-3-1.png\" alt=\"\" class=\"wp-image-315\" srcset=\"https:\/\/vttsaulx.fr\/wp-content\/uploads\/2022\/10\/image-3-1.png 807w, https:\/\/vttsaulx.fr\/wp-content\/uploads\/2022\/10\/image-3-1-300x174.png 300w, https:\/\/vttsaulx.fr\/wp-content\/uploads\/2022\/10\/image-3-1-768x444.png 768w, https:\/\/vttsaulx.fr\/wp-content\/uploads\/2022\/10\/image-3-1-400x231.png 400w, https:\/\/vttsaulx.fr\/wp-content\/uploads\/2022\/10\/image-3-1-800x463.png 800w\" sizes=\"auto, (max-width: 807px) 100vw, 807px\" \/><\/figure>\n<\/figure>\n\n\n\n<hr class=\"wp-block-separator has-alpha-channel-opacity\"\/>\n\n\n\n<blockquote class=\"wp-block-quote is-layout-flow wp-block-quote-is-layout-flow\">\n<p>Grand Raid BVCS<\/p>\n<cite>Une course UCI en Suisse<\/cite><\/blockquote>\n\n\n\n<figure class=\"wp-block-gallery has-nested-images columns-default is-cropped wp-block-gallery-2 is-layout-flex wp-block-gallery-is-layout-flex\">\n<figure class=\"wp-block-image size-large\"><img loading=\"lazy\" decoding=\"async\" width=\"1024\" height=\"364\" data-id=\"318\" src=\"https:\/\/vttsaulx.fr\/wp-content\/uploads\/2022\/10\/Capture-decran-2022-10-23-233723-1024x364.png\" alt=\"\" class=\"wp-image-318\" srcset=\"https:\/\/vttsaulx.fr\/wp-content\/uploads\/2022\/10\/Capture-decran-2022-10-23-233723-1024x364.png 1024w, https:\/\/vttsaulx.fr\/wp-content\/uploads\/2022\/10\/Capture-decran-2022-10-23-233723-300x107.png 300w, https:\/\/vttsaulx.fr\/wp-content\/uploads\/2022\/10\/Capture-decran-2022-10-23-233723-768x273.png 768w, https:\/\/vttsaulx.fr\/wp-content\/uploads\/2022\/10\/Capture-decran-2022-10-23-233723-400x142.png 400w, https:\/\/vttsaulx.fr\/wp-content\/uploads\/2022\/10\/Capture-decran-2022-10-23-233723-800x284.png 800w, https:\/\/vttsaulx.fr\/wp-content\/uploads\/2022\/10\/Capture-decran-2022-10-23-233723.png 1090w\" sizes=\"auto, (max-width: 1024px) 100vw, 1024px\" \/><\/figure>\n<\/figure>\n","protected":false},"excerpt":{"rendered":"<p>MB RAce Depuis 2017, le VCS, VTT Club de Saulx les Chartreux s&rsquo;illustre aux pieds du Mont-Blanc sur la course 70km, 100km, un finisher sur la course UCI : 140 !!!! HERO En Italie, la course UCI VTT dans les Dolomites Grand Raid BVCS Une course UCI en Suisse<\/p>\n","protected":false},"author":1,"featured_media":0,"parent":0,"menu_order":0,"comment_status":"closed","ping_status":"closed","template":"","meta":{"footnotes":""},"class_list":["post-314","page","type-page","status-publish","hentry","missing-thumbnail"],"_links":{"self":[{"href":"https:\/\/vttsaulx.fr\/index.php\/wp-json\/wp\/v2\/pages\/314","targetHints":{"allow":["GET"]}}],"collection":[{"href":"https:\/\/vttsaulx.fr\/index.php\/wp-json\/wp\/v2\/pages"}],"about":[{"href":"https:\/\/vttsaulx.fr\/index.php\/wp-json\/wp\/v2\/types\/page"}],"author":[{"embeddable":true,"href":"https:\/\/vttsaulx.fr\/index.php\/wp-json\/wp\/v2\/users\/1"}],"replies":[{"embeddable":true,"href":"https:\/\/vttsaulx.fr\/index.php\/wp-json\/wp\/v2\/comments?post=314"}],"version-history":[{"count":21,"href":"https:\/\/vttsaulx.fr\/index.php\/wp-json\/wp\/v2\/pages\/314\/revisions"}],"predecessor-version":[{"id":653,"href":"https:\/\/vttsaulx.fr\/index.php\/wp-json\/wp\/v2\/pages\/314\/revisions\/653"}],"wp:attachment":[{"href":"https:\/\/vttsaulx.fr\/index.php\/wp-json\/wp\/v2\/media?parent=314"}],"curies":[{"name":"wp","href":"https:\/\/api.w.org\/{rel}","templated":true}]}}